{"id":112,"date":"2025-07-09T05:30:14","date_gmt":"2025-07-09T05:30:14","guid":{"rendered":"https:\/\/elpezbombilla.com\/?page_id=112"},"modified":"2025-07-21T13:23:07","modified_gmt":"2025-07-21T13:23:07","slug":"instalaciones-basicas-y-sus-esquemas-electricos","status":"publish","type":"page","link":"https:\/\/elpezbombilla.com\/index.php\/luminarias-creativas-para-los-peques\/instalaciones-basicas-y-sus-esquemas-electricos\/","title":{"rendered":"Instalaciones b\u00e1sicas y sus esquemas el\u00e9ctricos"},"content":{"rendered":"<p><strong>S\u00cdMBOLOS Y ESQUEMAS EL\u00c9CTRICOS<\/strong><\/p>\n<ul>\n<li><strong>P\u00e1gina:<\/strong> <a href=\"https:\/\/circuitoelectrico.com\/planos-instalaciones-electricas\/simbolos-electricos\/\">S\u00edmbolos el\u00e9ctricos. Circuitos El\u00e9ctricos.<\/a><\/li>\n<li><strong>P\u00e1gina<\/strong>: <a href=\"https:\/\/www.aprendeelectricidad.com\/esquema-unifilar\/\">Esquema unifilar o multifilar. Aprende Electricidad.<\/a><\/li>\n<li><strong>V\u00eddeo:<\/strong> Interruptor con punto de luz.<\/li>\n<li><strong>Esquema multifilar<\/strong>\u00a0de interruptor con punto de luz<\/li>\n<\/ul>\n<p><strong>HERRAMIENTAS Y SU USO<\/strong><\/p>\n<ul>\n<li><strong>V\u00eddeo:<\/strong> <a href=\"https:\/\/www.youtube.com\/watch?v=u_1RRmXfTYk\">Herramientas manuales electricista aisladas a 1000V. Electricidad FP.<\/a><\/li>\n<li><strong>V\u00eddeo<\/strong>: <a href=\"https:\/\/www.youtube.com\/watch?v=FqNK6vOTp3o\">Utilidades de un mult\u00edmetro. EFE UNO Joaqu\u00edn.<\/a><\/li>\n<\/ul>\n<p><strong>COMPONENTES EL\u00c9CTRICOS Y SU USO<\/strong><\/p>\n<ul>\n<li>V\u00eddeo:<\/li>\n<\/ul>\n<p><strong>C\u00d3MO REALIZAR INSTALACIONES ORDENADAS Y PROFESIONALES<\/strong><\/p>\n<ul>\n<li><strong>V\u00eddeo:<\/strong> <a href=\"https:\/\/www.youtube.com\/watch?v=47Fp-h1yG7o\">Consideraciones b\u00e1sicas en las instalaciones el\u00e9ctricas de interior. Electricidad FP.<\/a><\/li>\n<li><strong>V\u00eddeo<\/strong>: <a href=\"https:\/\/www.youtube.com\/watch?v=Ws7N6PoMEjY\">Crimpar punteras o terminales en cables el\u00e9ctricos. Electricidad FP.<\/a><\/li>\n<li><strong>V\u00eddeo:<\/strong><a href=\"https:\/\/www.youtube.com\/watch?v=J_yhCdz-mt4\"> C\u00f3mo conectar cables como un profesional. Crimpar conectores. Camperized.<\/a><\/li>\n<li><strong>V\u00eddeo: <\/strong><a href=\"https:\/\/www.youtube.com\/watch?v=ThZjmA-QJSU\">Empalme de cables mediante regletas o bornas. Electricidad FP.<\/a><\/li>\n<li><strong>V\u00eddeo: <\/strong><a href=\"https:\/\/www.youtube.com\/watch?v=GuIT8k9xgys\">Todo sobre los peines el\u00e9ctricos para peines. Electricidad FP.<\/a><\/li>\n<li>V\u00eddeo:\u00a0<a href=\"https:\/\/www.youtube.com\/watch?v=n0hl2u2HAkY\"> El secreto de una correcta ejecuci\u00f3n en una caja de registro. Elektrika. H\u00e9ctor Fern\u00e1ndez Oliv\u00e1n.<\/a><\/li>\n<li><strong>V\u00eddeo:<\/strong> <a href=\"https:\/\/www.youtube.com\/watch?v=mvKy2CDgDH4\">Arreglamos una chapuza de instalaci\u00f3n de plazas solares que ten\u00eda mucho peligro. Cambioenergetico.com<\/a><\/li>\n<\/ul>\n<p><strong>CONMUTADAS SIMPLES Y DE CRUZAMIENTO<\/strong><\/p>\n<ul>\n<li><strong>P\u00e1gina:<\/strong><a href=\"https:\/\/electrosanchis.com\/blog\/4_interruptor-conmutador-o-cruzamiento.html?srsltid=AfmBOoo08BDRaR2CrhwCkIEfyh13ECJHA1Eqv9LLegT7Ht8m5K2dzBEV\"> \u00bfInterruptor, Conmutador o Cruzamiento? ElectroSanch\u00eds<\/a><\/li>\n<\/ul>\n<ul>\n<li><strong>V\u00eddeo:<\/strong> <a href=\"https:\/\/www.youtube.com\/watch?v=qZEs9-KaVec\">Conmutaci\u00f3n simple paso a paso. Aprende Electricidad con Juanca.<\/a><\/li>\n<li><strong>Esquema multifilar <\/strong>de conmutada simple<\/li>\n<li>V\u00eddeo: Conmutada con cruzamiento<\/li>\n<li><strong>Esquema multifilar <\/strong>de conmutada con cruzamiento<\/li>\n<li><strong>V\u00eddeo:<\/strong> <a href=\"https:\/\/www.youtube.com\/watch?v=WqXDf0CvP4A\">Cableado para instalaci\u00f3n de<strong> llaves conmutadas y con cruce<\/strong>. Tutoriales JA:<\/a><\/li>\n<\/ul>\n<p><strong>REL\u00c9S, RELEVADORES O RELAYS: QU\u00c9 SON, PARA QU\u00c9 SIRVEN, C\u00d3MO SE INSTALAN<\/strong><\/p>\n<ul>\n<li><strong>V\u00eddeo: <\/strong><a href=\"https:\/\/www.youtube.com\/watch?v=n594CkrP6xE\">C\u00f3mo funcionan los <strong>REL\u00c9S<\/strong>. The Engineering Mindset.<\/a><\/li>\n<li><strong>V\u00eddeo:<\/strong><a href=\"https:\/\/www.youtube.com\/watch?v=FUBMuQPkR4o\"> Instalar y conectar rel\u00e9. Electricidad FP<\/a><\/li>\n<\/ul>\n<p><strong>TELERRUPTORES<\/strong><\/p>\n<ul>\n<li><strong>P\u00e1gina<\/strong>:<a href=\"https:\/\/circuitoelectrico.com\/esquemas-electricos-basicos\/esquema-telerruptor\/\"> Funcionamiento y esquema del <strong>telerruptor.<\/strong> Circuito El\u00e9ctrico.<\/a><\/li>\n<\/ul>\n<p><strong>AUTOM\u00c1TICOS O MINUTEROS DE ESCALERA CON L\u00c1MPARAS Y PULSADORES<\/strong><\/p>\n<ul>\n<li><strong>V\u00eddeo:<\/strong><a href=\"https:\/\/www.youtube.com\/watch?v=z6VFtF1bBqA\"><strong> RELOJ MINUTERO<\/strong> o autom\u00e1tico de escalera. Electricidad FP<\/a><\/li>\n<\/ul>\n<p><strong>SENSOR DE MOVIMIENTO CON L\u00c1MPARA<\/strong><\/p>\n<ul>\n<li><strong>V\u00eddeo: <\/strong><a href=\"https:\/\/www.youtube.com\/watch?v=n1MbNoGwF2A\">C\u00f3mo conectar un<strong> sensor de movimiento<\/strong>. Alex Campoz.<\/a><\/li>\n<li><strong>P\u00e1gina:<\/strong> Esquema multifilar de sensor de movimiento y l\u00e1mpara.<\/li>\n<\/ul>\n<p><strong>INTERRUPTOR HORARIO CON SENSOR DE MOVIMIENTO Y L\u00c1MPARA<\/strong><\/p>\n<p><strong>INSTALACI\u00d3N Y MODIFICACI\u00d3N DE CUADROS EL\u00c9CTRICOS<\/strong><\/p>\n<ul>\n<li><strong>V\u00eddeo<a href=\"https:\/\/www.youtube.com\/watch?v=S1t7IHAYUnM&amp;t=339s\">: Instalar y cablear CUADRO DE VIVIENDA B\u00c4SICO. Electricidad FP<\/a><\/strong><\/li>\n<li><strong>V\u00eddeo:<\/strong> <a href=\"https:\/\/www.youtube.com\/watch?v=g9jIWjJ798Q\">C\u00f3mo convertir un cuadro b\u00e1sico en elevado. PLC Madrid.<\/a><\/li>\n<\/ul>\n<p><strong>INSTALACIONES COMPLETAS EN VIVIENDAS<\/strong><\/p>\n<ul>\n<li><a href=\"https:\/\/www.youtube.com\/watch?v=S1t7IHAYUnM&amp;t=332s\"><strong>V\u00eddeo:<\/strong> Instalar y cablear cuadro de vivienda b\u00e1sico. Electricidad FP.<\/a><\/li>\n<li><a href=\"https:\/\/www.youtube.com\/watch?v=z3NmkFgzrf8&amp;t=9s\"><strong>V\u00eddeo:<\/strong> Instalaci\u00f3n el\u00e9ctrica de una casa paso a paso. Uno EFE Joaqu\u00edn.<\/a><\/li>\n<li><strong>V\u00eddeo<\/strong>: <a href=\"https:\/\/www.youtube.com\/watch?v=VkTw3zPEQCk\">C\u00f3mo es la instalaci\u00f3n de una VIVIENDA NUEVA en Espa\u00f1a en 2022. Electricidad FP.<\/a><\/li>\n<li><strong>V\u00efdeo<\/strong>: <a href=\"https:\/\/www.youtube.com\/watch?v=ervMT3yJnNo\">Comprobaci\u00f3n instalaci\u00f3n el\u00e9ctrica en vivienda. Electricidad FP.<\/a><\/li>\n<\/ul>\n<p><strong>INSTALACIONES DE DOM\u00d3TICA<\/strong><\/p>\n<p>&nbsp;<\/p>\n","protected":false},"excerpt":{"rendered":"<p>S\u00cdMBOLOS Y ESQUEMAS EL\u00c9CTRICOS P\u00e1gina: S\u00edmbolos el\u00e9ctricos. Circuitos El\u00e9ctricos. P\u00e1gina: Esquema unifilar o multifilar. Aprende Electricidad. V\u00eddeo: Interruptor con punto de luz. Esquema multifilar\u00a0de interruptor con punto de luz HERRAMIENTAS Y SU USO V\u00eddeo: Herramientas manuales electricista aisladas a 1000V. Electricidad FP. V\u00eddeo: Utilidades de un mult\u00edmetro. EFE UNO Joaqu\u00edn. COMPONENTES EL\u00c9CTRICOS Y SU USO [&hellip;]<\/p>\n","protected":false},"author":1,"featured_media":0,"parent":71,"menu_order":0,"comment_status":"closed","ping_status":"closed","template":"","meta":{"footnotes":""},"class_list":["post-112","page","type-page","status-publish","hentry"],"_links":{"self":[{"href":"https:\/\/elpezbombilla.com\/index.php\/wp-json\/wp\/v2\/pages\/112","targetHints":{"allow":["GET"]}}],"collection":[{"href":"https:\/\/elpezbombilla.com\/index.php\/wp-json\/wp\/v2\/pages"}],"about":[{"href":"https:\/\/elpezbombilla.com\/index.php\/wp-json\/wp\/v2\/types\/page"}],"author":[{"embeddable":true,"href":"https:\/\/elpezbombilla.com\/index.php\/wp-json\/wp\/v2\/users\/1"}],"replies":[{"embeddable":true,"href":"https:\/\/elpezbombilla.com\/index.php\/wp-json\/wp\/v2\/comments?post=112"}],"version-history":[{"count":47,"href":"https:\/\/elpezbombilla.com\/index.php\/wp-json\/wp\/v2\/pages\/112\/revisions"}],"predecessor-version":[{"id":255,"href":"https:\/\/elpezbombilla.com\/index.php\/wp-json\/wp\/v2\/pages\/112\/revisions\/255"}],"up":[{"embeddable":true,"href":"https:\/\/elpezbombilla.com\/index.php\/wp-json\/wp\/v2\/pages\/71"}],"wp:attachment":[{"href":"https:\/\/elpezbombilla.com\/index.php\/wp-json\/wp\/v2\/media?parent=112"}],"curies":[{"name":"wp","href":"https:\/\/api.w.org\/{rel}","templated":true}]}}