{"id":132,"date":"2025-07-11T05:28:19","date_gmt":"2025-07-11T05:28:19","guid":{"rendered":"https:\/\/elpezbombilla.com\/?page_id=132"},"modified":"2025-07-11T05:58:00","modified_gmt":"2025-07-11T05:58:00","slug":"calculos-electricos","status":"publish","type":"page","link":"https:\/\/elpezbombilla.com\/index.php\/luminarias-creativas-para-los-peques\/calculos-electricos\/","title":{"rendered":"C\u00e1lculos El\u00e9ctricos"},"content":{"rendered":"<p><strong>C\u00c1LCULO DE INSTALACIONES TRIF\u00c1SICAS<\/strong><\/p>\n<ul>\n<li><strong>V\u00eddeo:<\/strong> <a href=\"https:\/\/www.youtube.com\/watch?v=J2WoRgUPrkg\">Aprende a calcular correinte y potencia trif\u00e1sica f\u00e1cilmente. ElectriSistemas.<\/a><\/li>\n<li><strong>V\u00eddeo:<\/strong> <a href=\"https:\/\/www.youtube.com\/watch?v=5Jk7CDQuv6Y\">Todo sobre AC Trif\u00e1sica. Conceptos b\u00e1sicos. ACadenas.<\/a><\/li>\n<li><strong>V\u00eddeo:<\/strong> <a href=\"https:\/\/www.youtube.com\/watch?v=ecUdPkcpfJU\">Raiz de 3 en circuitos trif\u00e1sicos. Miguelec.<\/a><\/li>\n<\/ul>\n<p><strong>C\u00c1LCULO DE LA PREVISI\u00d3N DE CARGAS<\/strong><\/p>\n<ul>\n<li><strong>V\u00eddeo<\/strong>:<a href=\"https:\/\/www.youtube.com\/watch?v=66kMuyiVWAQ\"> C\u00e1lculo de la previsi\u00f3n de cargas de un edificio. Curso de Electricidad con \u00c1ngel Moreno.<\/a><\/li>\n<\/ul>\n<p><strong>C\u00c1LCULO DE SECCIONES DE CONDUCTORES Y TUBOS<\/strong><\/p>\n<ul>\n<li><strong>CALCULO DE LA ACOMETIDA<\/strong>\n<ul>\n<li><strong>V\u00efdeo:<\/strong><a href=\"https:\/\/www.youtube.com\/watch?v=JYB4aaltTXA\"> C\u00f3mo calcular la acometida de una instalaci\u00f3n el\u00e9ctrica. Ingeniero JM<\/a><\/li>\n<li><strong>V\u00eddeo<\/strong>.<a href=\"https:\/\/www.youtube.com\/watch?v=dYLFmmCucbY&amp;t=29s\"> C\u00f3mo calcular la acometida de una vivienda unifamiliar. Ingeniero JM<\/a><\/li>\n<\/ul>\n<\/li>\n<li><strong>C\u00c1LCULO DE LA LINEA GENERAL DE ALIMENTACI\u00d3N<\/strong>\n<ul>\n<li><strong>V\u00eddeo<\/strong>: <a href=\"https:\/\/www.youtube.com\/watch?v=miYFZD2z7CU\">C\u00e1lculo completo LGA paso a paso. Juan Bad\u00eda Ull.\u00a0<\/a><\/li>\n<li><strong>V\u00efdeo:<\/strong><a href=\"https:\/\/www.youtube.com\/watch?v=wq_W8udkNRg\"> Previsi\u00f3n de Cargas y C\u00e1lculo de Secciones. C\u00e1lculo de la LGA:\u00a0 Electrocontrol. Jose Ignacio Lorenzo.<\/a><\/li>\n<\/ul>\n<\/li>\n<li><strong>C\u00c1LCULO DE LA DERIVACI\u00d3N INDIVIDUAL<\/strong>\n<ul>\n<li><strong>V\u00efdeo:<\/strong><a href=\"https:\/\/www.youtube.com\/watch?v=-W2TUlCMj5c\"> C\u00e1lculo de la derivaci\u00f3n individual paso a paso.\u00a0 Juan Bad\u00eda Ull.<\/a><\/li>\n<li><strong>V\u00eddeo:<\/strong> <a href=\"https:\/\/www.youtube.com\/watch?v=3xUoS52mvkQ\">C\u00e1lculo de las secci\u00f3n del cable\u00a0 para viviendas. M\u00e9todos r\u00e1pidos y sencillos.\u00a0 Instalaci\u00f3n y Mantenimiento.<\/a><\/li>\n<\/ul>\n<\/li>\n<\/ul>\n<p><strong>C\u00c1LCULO DE PROTECCIONES: INTERRUPTORES MAGNETOT\u00c9RMICOS Y DIFERENCIALES<\/strong><\/p>\n<ul>\n<li><strong>V\u00eddeo:<\/strong> <a href=\"https:\/\/www.youtube.com\/watch?v=WIjH-2CjK-A\">Qu\u00e9 es el calibre de un interruptor magnetot\u00e9rmico y un diferencial. Electricidad FP<\/a><\/li>\n<\/ul>\n<p>&nbsp;<\/p>\n","protected":false},"excerpt":{"rendered":"<p>C\u00c1LCULO DE INSTALACIONES TRIF\u00c1SICAS V\u00eddeo: Aprende a calcular correinte y potencia trif\u00e1sica f\u00e1cilmente. ElectriSistemas. V\u00eddeo: Todo sobre AC Trif\u00e1sica. Conceptos b\u00e1sicos. ACadenas. V\u00eddeo: Raiz de 3 en circuitos trif\u00e1sicos. Miguelec. C\u00c1LCULO DE LA PREVISI\u00d3N DE CARGAS V\u00eddeo: C\u00e1lculo de la previsi\u00f3n de cargas de un edificio. Curso de Electricidad con \u00c1ngel Moreno. C\u00c1LCULO DE SECCIONES [&hellip;]<\/p>\n","protected":false},"author":1,"featured_media":0,"parent":71,"menu_order":0,"comment_status":"closed","ping_status":"closed","template":"","meta":{"footnotes":""},"class_list":["post-132","page","type-page","status-publish","hentry"],"_links":{"self":[{"href":"https:\/\/elpezbombilla.com\/index.php\/wp-json\/wp\/v2\/pages\/132","targetHints":{"allow":["GET"]}}],"collection":[{"href":"https:\/\/elpezbombilla.com\/index.php\/wp-json\/wp\/v2\/pages"}],"about":[{"href":"https:\/\/elpezbombilla.com\/index.php\/wp-json\/wp\/v2\/types\/page"}],"author":[{"embeddable":true,"href":"https:\/\/elpezbombilla.com\/index.php\/wp-json\/wp\/v2\/users\/1"}],"replies":[{"embeddable":true,"href":"https:\/\/elpezbombilla.com\/index.php\/wp-json\/wp\/v2\/comments?post=132"}],"version-history":[{"count":10,"href":"https:\/\/elpezbombilla.com\/index.php\/wp-json\/wp\/v2\/pages\/132\/revisions"}],"predecessor-version":[{"id":142,"href":"https:\/\/elpezbombilla.com\/index.php\/wp-json\/wp\/v2\/pages\/132\/revisions\/142"}],"up":[{"embeddable":true,"href":"https:\/\/elpezbombilla.com\/index.php\/wp-json\/wp\/v2\/pages\/71"}],"wp:attachment":[{"href":"https:\/\/elpezbombilla.com\/index.php\/wp-json\/wp\/v2\/media?parent=132"}],"curies":[{"name":"wp","href":"https:\/\/api.w.org\/{rel}","templated":true}]}}