{"id":169,"date":"2025-07-11T13:10:42","date_gmt":"2025-07-11T13:10:42","guid":{"rendered":"https:\/\/elpezbombilla.com\/?page_id=169"},"modified":"2025-07-11T13:19:58","modified_gmt":"2025-07-11T13:19:58","slug":"conceptos-basicos-de-electricidad","status":"publish","type":"page","link":"https:\/\/elpezbombilla.com\/index.php\/conceptos-basicos-de-electricidad\/","title":{"rendered":"Conceptos b\u00e1sicos de electricidad"},"content":{"rendered":"<p><strong>QU\u00c9 ES Y C\u00d3MO FUNCIONA LA ELECTRICIDAD<\/strong><\/p>\n<ul>\n<li><strong>V\u00eddeo<\/strong>: C<a href=\"https:\/\/www.youtube.com\/watch?v=mc979OhitAg\">\u00f3mo funciona la electricidad. Engineering Mindset.<\/a><\/li>\n<\/ul>\n<p><strong>QU\u00c9 ES LA CORRIENTE<\/strong><\/p>\n<ul>\n<li><strong>V\u00eddeo<\/strong>:<a href=\"https:\/\/www.youtube.com\/watch?v=kcL2_D33k3o\"> Corriente el\u00e9ctrica explicada. Engineering MIndset<\/a><\/li>\n<\/ul>\n<p><strong>QU\u00c9 ES LA TENSI\u00d3N O EL VOLTAJE<\/strong><\/p>\n<p><strong>CORRIENTE CONTINUA<\/strong><\/p>\n<p><strong>CONRRIENTE ALTERNA<\/strong><\/p>\n<p><strong>LEY DE OHM<\/strong><\/p>\n<ul>\n<li><strong>V\u00eddeo<\/strong>:<a href=\"https:\/\/www.youtube.com\/watch?v=HsLLq6Rm5tU\"> Ley de Ohm explicada. Principios de la teor\u00eda de circuitos. Engineering Mindset<\/a><\/li>\n<\/ul>\n<p><strong>ELECTRICIDAD TRIF\u00c1SICA<\/strong><\/p>\n<ul>\n<li><strong>V\u00efdeo<\/strong>:<a href=\"https:\/\/www.youtube.com\/watch?v=4oRT7PoXSS0\"> C\u00f3mo funciona la electricidad trif\u00e1soca. Engineering Mindset<\/a><\/li>\n<li><strong>V\u00eddeo<\/strong>:<a href=\"https:\/\/www.youtube.com\/watch?v=c9gm_NL7KyE\"> \u00bfPor qu\u00e9 tres fases? Engineering Mindset.<\/a><\/li>\n<li><strong>V\u00eddeo<\/strong>:<a href=\"https:\/\/www.youtube.com\/watch?v=NIrKOVZrqnU&amp;t=9s\"> Factor de potencia explicado. El drenaje de dinero de tu factura de electricidad. Engineering Mindset.<\/a><\/li>\n<li><strong>V\u00eddeo<\/strong>: <a href=\"https:\/\/www.youtube.com\/watch?v=6LXYRIDVuIg\">\u00bfQu\u00e9 son las potencias activa, reactiva y aparente? S\u00edgueme la Corriente.<\/a><\/li>\n<li><strong>V\u00eddeo<\/strong>: <a href=\"https:\/\/www.youtube.com\/watch?v=jN7o7xvO6Pc\">Conexiones de motores el\u00e9ctricos. Engineering Mindset.<\/a><\/li>\n<\/ul>\n<p>&nbsp;<\/p>\n","protected":false},"excerpt":{"rendered":"<p>QU\u00c9 ES Y C\u00d3MO FUNCIONA LA ELECTRICIDAD V\u00eddeo: C\u00f3mo funciona la electricidad. Engineering Mindset. QU\u00c9 ES LA CORRIENTE V\u00eddeo: Corriente el\u00e9ctrica explicada. Engineering MIndset QU\u00c9 ES LA TENSI\u00d3N O EL VOLTAJE CORRIENTE CONTINUA CONRRIENTE ALTERNA LEY DE OHM V\u00eddeo: Ley de Ohm explicada. Principios de la teor\u00eda de circuitos. Engineering Mindset ELECTRICIDAD TRIF\u00c1SICA V\u00efdeo: C\u00f3mo [&hellip;]<\/p>\n","protected":false},"author":1,"featured_media":0,"parent":0,"menu_order":0,"comment_status":"closed","ping_status":"closed","template":"","meta":{"footnotes":""},"class_list":["post-169","page","type-page","status-publish","hentry"],"_links":{"self":[{"href":"https:\/\/elpezbombilla.com\/index.php\/wp-json\/wp\/v2\/pages\/169","targetHints":{"allow":["GET"]}}],"collection":[{"href":"https:\/\/elpezbombilla.com\/index.php\/wp-json\/wp\/v2\/pages"}],"about":[{"href":"https:\/\/elpezbombilla.com\/index.php\/wp-json\/wp\/v2\/types\/page"}],"author":[{"embeddable":true,"href":"https:\/\/elpezbombilla.com\/index.php\/wp-json\/wp\/v2\/users\/1"}],"replies":[{"embeddable":true,"href":"https:\/\/elpezbombilla.com\/index.php\/wp-json\/wp\/v2\/comments?post=169"}],"version-history":[{"count":7,"href":"https:\/\/elpezbombilla.com\/index.php\/wp-json\/wp\/v2\/pages\/169\/revisions"}],"predecessor-version":[{"id":176,"href":"https:\/\/elpezbombilla.com\/index.php\/wp-json\/wp\/v2\/pages\/169\/revisions\/176"}],"wp:attachment":[{"href":"https:\/\/elpezbombilla.com\/index.php\/wp-json\/wp\/v2\/media?parent=169"}],"curies":[{"name":"wp","href":"https:\/\/api.w.org\/{rel}","templated":true}]}}