{"id":183,"date":"2025-07-12T08:35:21","date_gmt":"2025-07-12T08:35:21","guid":{"rendered":"https:\/\/elpezbombilla.com\/?page_id=183"},"modified":"2025-07-21T06:14:50","modified_gmt":"2025-07-21T06:14:50","slug":"software-para-electricistas","status":"publish","type":"page","link":"https:\/\/elpezbombilla.com\/index.php\/software-para-electricistas\/","title":{"rendered":"Software para electricistas"},"content":{"rendered":"<div class=\"WaaZC\">\n<div class=\"RJPOee EIJn2\">\n<h3 data-hveid=\"CBMQAQ\" data-ved=\"2ahUKEwiW-_-49LaOAxUMXKQEHSw9K1EQo_EKegQIExAB\"><strong>Simuladores de Circuitos el\u00e9ctricos<\/strong><\/h3>\n<\/div>\n<\/div>\n<p><strong><a href=\"https:\/\/crocodileclips.net\/\">Crocodile Clips (Crocclip<\/a>) <\/strong>Software de simulaci\u00f3n <strong data-start=\"23\" data-end=\"36\">educativa<\/strong> para Windows, con interfaz de arrastrar y soltar, orientado a estudiantes de electr\u00f3nica de secundaria, FP y bachillerato. Muy b\u00e1sico, sin componentes reales de baja tensi\u00f3n, no \u00fatil para simulaciones profesionales.<\/p>\n<p><strong><a href=\"https:\/\/masterplc.com\/simulador\/#google_vignette\">Master PLC .\u00a0 S<\/a><\/strong>oftware de simulaci\u00f3n enfocado en la formaci\u00f3n t\u00e9cnica en electricidad, automatismos y control industrial. Permite dise\u00f1ar y simular <strong data-start=\"305\" data-end=\"334\">cuadros el\u00e9ctricos reales<\/strong> con componentes como <strong data-start=\"356\" data-end=\"469\">magnetot\u00e9rmicos, diferenciales, contactores, rel\u00e9s, pulsadores, temporizadores, autom\u00e1ticos de escalera y m\u00e1s<\/strong>, todos con representaci\u00f3n gr\u00e1fica realista. Su entorno es intuitivo, con esquemas de potencia y de mando, ideal para estudiantes de FP y profesionales en pr\u00e1cticas. Incluye tambi\u00e9n simulaci\u00f3n de PLCs con lenguaje LADDER. Aunque es de pago, ofrece una versi\u00f3n demo y es muy valorado en centros de formaci\u00f3n de electricidad y automatizaci\u00f3n.<\/p>\n<p><a href=\"https:\/\/logic.ly\/demo\/\"> <strong data-start=\"1727\" data-end=\"1778\">Logic.ly (Electricidad y l\u00f3gica digital simple). <\/strong><\/a>Ideal para simular circuitos de l\u00f3gica cableada con interruptores, rel\u00e9s y salidas. No incluye diferenciales o elementos de protecci\u00f3n reales, pero \u00fatil para entrenar automatismos sencillos.<\/p>\n<div class=\"WaaZC\">\n<div class=\"RJPOee EIJn2\">\n<h3 class=\"rPeykc pyPiTc\" data-hveid=\"CBMQAQ\" data-ved=\"2ahUKEwiW-_-49LaOAxUMXKQEHSw9K1EQo_EKegQIExAB\"><span data-huuid=\"4076761691663264838\"><strong>Software de dise\u00f1o\u00a0<\/strong><\/span><\/h3>\n<\/div>\n<\/div>\n<div class=\"WaaZC\">\n<div class=\"RJPOee EIJn2\">\n<div class=\"zMgcWd dSKvsb\" data-il=\"\">\n<div data-crb-p=\"\">\n<div class=\"xFTqob\">\n<div class=\"Gur8Ad\"><span data-huuid=\"4076761691663264171\"><strong><a class=\"DTlJ6d\" href=\"https:\/\/www.dialux.com\/es-ES\/descargar\" target=\"_blank\" rel=\"noopener\" data-hveid=\"CBUQAQ\">DIALux<\/a>:<\/strong> <\/span><\/div>\n<div class=\"vM0jzc\">\n<p><span data-huuid=\"4076761691663265314\">Software de iluminaci\u00f3n gratuito para dise\u00f1o y c\u00e1lculo de instalaciones de iluminaci\u00f3n, compatible con normativa actual y capaz de previsualizar dise\u00f1os.<span class=\"pjBG2e\" data-cid=\"2ec27c9b-f9b9-4474-84d4-3f7a938b258f\"><span class=\"UV3uM\">\u00a0<\/span><\/span><\/span><\/p>\n<p><strong><a href=\"https:\/\/www.se.com\/es\/es\/faqs\/FAQ000248402\/\">E-Design<\/a><\/strong><\/p>\n<p><span data-huuid=\"4303637505923390130\">Herramienta de Schneider Electric para dise\u00f1o de cuadros el\u00e9ctricos en l\u00ednea.<span class=\"pjBG2e\" data-cid=\"b8b2047e-9199-49c4-9a6e-f129b6594298\"><span class=\"UV3uM\">\u00a0<\/span><\/span><\/span><\/p>\n<h3><strong>Software de c\u00e1lculo<\/strong><\/h3>\n<\/div>\n<\/div>\n<\/div>\n<div class=\"zMgcWd dSKvsb\" data-il=\"\">\n<div data-crb-p=\"\">\n<div class=\"xFTqob\">\n<div class=\"Gur8Ad\"><span data-huuid=\"4076761691663263504\"><strong><a class=\"DTlJ6d\" href=\"https:\/\/www.digikey.es\/es\/resources\/conversion-calculators\/conversion-calculator-ohms\" target=\"_blank\" rel=\"noopener\" data-hveid=\"CBQQAQ\">DigiKey calculadora de Ley de Ohm<\/a><\/strong><\/span><\/div>\n<div class=\"vM0jzc\">\n<p><span data-huuid=\"4076761691663264647\">Aplicaci\u00f3n para dispositivos m\u00f3viles (iOS y Android) que permite realizar c\u00e1lculos de voltaje, corriente, resistencia y potencia, con opciones de pago para funciones adicionales <a class=\"uVhVib\" href=\"https:\/\/www.cronoshare.com\/comunidad\/p\/autonomos-empresas\/mas-clientes\/mejores-programas-electricistas\" data-sb=\"\/url?sa=t&amp;source=web&amp;rct=j&amp;opi=89978449&amp;url=https:\/\/www.cronoshare.com\/comunidad\/p\/autonomos-empresas\/mas-clientes\/mejores-programas-electricistas&amp;ved=2ahUKEwiW-_-49LaOAxUMXKQEHSw9K1EQjJEMegQIHRAB&amp;usg=AOvVaw3MLwdn8gFxli1rwRiJZZ3T\">seg\u00fan Cronoshare<\/a>.<span class=\"pjBG2e\" data-cid=\"b63b3f39-2f45-476a-95a0-11b3b0b3a84d\"><span class=\"UV3uM\">\u00a0<\/span><\/span><\/span><\/p>\n<\/div>\n<\/div>\n<\/div>\n<\/div>\n<div class=\"WaaZC\">\n<div class=\"RJPOee EIJn2\">\n<h3 class=\"rPeykc pyPiTc\" data-hveid=\"CCIQAQ\" data-ved=\"2ahUKEwiW-_-49LaOAxUMXKQEHSw9K1EQo_EKegQIIhAB\"><span data-huuid=\"4303637505923390174\"><strong>Software de gesti\u00f3n<\/strong><\/span><\/h3>\n<div data-hveid=\"CCIQAQ\" data-ved=\"2ahUKEwiW-_-49LaOAxUMXKQEHSw9K1EQo_EKegQIIhAB\"><\/div>\n<\/div>\n<\/div>\n<div class=\"WaaZC\">\n<div class=\"RJPOee EIJn2\">\n<div class=\"zMgcWd dSKvsb\" data-il=\"\">\n<div data-crb-p=\"\">\n<div class=\"xFTqob\">\n<div class=\"Gur8Ad\"><span data-huuid=\"4303637505923388943\"><strong><a class=\"DTlJ6d\" href=\"https:\/\/www.google.com\/search?client=firefox-b-d&amp;cs=0&amp;sca_esv=3d643d48ee7d4fa6&amp;sxsrf=AE3TifPv0kCuBaexGdgYqRLnmRw_R64xwQ%3A1752309195869&amp;q=Baseges&amp;sa=X&amp;ved=2ahUKEwiW-_-49LaOAxUMXKQEHSw9K1EQxccNegQIJBAB&amp;mstk=AUtExfBCBL3PD6qCxc4S_AujK0CXg9pNHPEV2gANp3LNZTqksdzgZH5jMeWyDTzNKqutNknH4g7b4QSvdABiXfMjDtWspMLh8tXATaSWwLAAI5VQ2HpnZso0AEaGuZf70E9yvB3GPogCav5C_t7DCEg0gkgRoGXzxgz83i3S4JV0gzB3ggF8_JbqnhrahwhjjmGL3r90aye9SWtHxhrLrc4OVwBRbhdQczqNadhx9Bmzfdb3UEHShbosAyPpwwmcPQMxZ79193-DsKGfiGqOCUBDLRUs&amp;csui=3\" target=\"_blank\" rel=\"noopener\" data-hveid=\"CCQQAQ\">Baseges<\/a>:<\/strong> <\/span><\/div>\n<div class=\"vM0jzc\">\n<p><span data-huuid=\"4303637505923389898\">Software de gesti\u00f3n para electricistas que incluye gesti\u00f3n comercial, contable y un banco de materiales. <\/span><span data-huuid=\"4303637505923390853\">Ofrece una versi\u00f3n gratuita gracias al Kit Digital.<span class=\"pjBG2e\" data-cid=\"b9bda2cd-ac10-4836-abf3-c75bb88bff61\"><span class=\"UV3uM\">\u00a0<\/span><\/span><\/span><\/p>\n<\/div>\n<\/div>\n<\/div>\n<\/div>\n<\/div>\n<\/div>\n<div class=\"zMgcWd dSKvsb\" data-il=\"\">\n<div data-crb-p=\"\">\n<div class=\"xFTqob\">\n<div class=\"Gur8Ad\"><span data-huuid=\"4303637505923388667\"><strong><a class=\"DTlJ6d\" href=\"https:\/\/www.it9.es\/es\/programa-para-el-instalador-electricista-bt9\/\" target=\"_blank\" rel=\"noopener\" data-hveid=\"CCcQAQ\">BT9<\/a>:<\/strong> <\/span><\/div>\n<div class=\"vM0jzc\">\n<p><span data-huuid=\"4303637505923389622\">Programa para instaladores que permite generar documentaci\u00f3n para instalaciones el\u00e9ctricas, incluyendo certificados, memorias t\u00e9cnicas, contratos de mantenimiento y declaraciones responsables seg\u00fan IT9.<span class=\"pjBG2e\" data-cid=\"efb9fce4-fe8b-4169-9dc8-1ceb978ebfc0\"><span class=\"UV3uM\">\u00a0<\/span><\/span><\/span><\/p>\n<div class=\"Gur8Ad\"><span data-huuid=\"16967597666305510311\"><strong><a class=\"DTlJ6d\" href=\"https:\/\/frontu.com\/es\/blog\/las-mejores-aplicaciones-para-electricistas-en-2022\" target=\"_blank\" rel=\"noopener\" data-hveid=\"CDgQAQ\">Frontu<\/a>:<\/strong> <\/span><\/div>\n<div class=\"vM0jzc\">\n<p><span data-huuid=\"16967597666305509240\">Aplicaci\u00f3n para gesti\u00f3n de trabajos con funciones de seguimiento y actualizaci\u00f3n de informaci\u00f3n <a class=\"uVhVib\" href=\"https:\/\/frontu.com\/es\/blog\/las-mejores-aplicaciones-para-electricistas-en-2022\" data-sb=\"\/url?sa=t&amp;source=web&amp;rct=j&amp;opi=89978449&amp;url=https:\/\/frontu.com\/es\/blog\/las-mejores-aplicaciones-para-electricistas-en-2022&amp;ved=2ahUKEwiW-_-49LaOAxUMXKQEHSw9K1EQjJEMegQIPxAB&amp;usg=AOvVaw3v92KRXiwq8Q81nTH9xM8r\">seg\u00fan Frontu<\/a>.<span class=\"pjBG2e\" data-cid=\"379a7144-a738-4075-8c86-d229d7408d34\"><span class=\"UV3uM\">\u00a0<\/span><\/span><\/span><\/p>\n<div data-crb-p=\"\">\n<div class=\"xFTqob\">\n<div class=\"vM0jzc\">\n<div class=\"NPrrbc\" data-cid=\"b8b2047e-9199-49c4-9a6e-f129b6594298\" data-uuids=\"4303637505923389175,4303637505923390130\">\n<div class=\"BMebGe btku5b fCrZyc LwdV0e FR7ZSc qVhvac OJeuxf\" tabindex=\"0\" role=\"button\" aria-label=\"Ver enlaces relacionados\" data-hveid=\"CE4QAQ\" data-ved=\"2ahUKEwiW-_-49LaOAxUMXKQEHSw9K1EQ3fYKegQIThAB\"><strong><a class=\"DTlJ6d\" href=\"https:\/\/www.informel.es\/instalwin-software-de-gestion-dirigido-a-instaladores\/\" target=\"_blank\" rel=\"noopener\" data-hveid=\"CE8QAQ\">InstalWin<\/a>:<\/strong><\/div>\n<\/div>\n<\/div>\n<\/div>\n<\/div>\n<div data-crb-p=\"\">\n<div class=\"xFTqob\">\n<div class=\"vM0jzc\">\n<p><span data-huuid=\"4303637505923388899\">Software de gesti\u00f3n para instalaciones que incluye presupuestos, facturaci\u00f3n, control de personal y obras.<span class=\"pjBG2e\" data-cid=\"1495450a-8198-4716-bccf-6a215fa41924\"><span class=\"UV3uM\">\u00a0<\/span><\/span><\/span><\/p>\n<\/div>\n<\/div>\n<\/div>\n<\/div>\n<\/div>\n<\/div>\n<\/div>\n<\/div>\n<div class=\"zMgcWd dSKvsb\" data-il=\"\">\n<div data-crb-p=\"\">\n<div class=\"xFTqob\">\n<div class=\"Gur8Ad\"><span data-huuid=\"4303637505923387436\"><strong><a class=\"DTlJ6d\" href=\"https:\/\/www.stackct.com\/es\/blog\/best-free-commercial-electrical-estimating-software-stack\/\" target=\"_blank\" rel=\"noopener\" data-hveid=\"CCYQAQ\">STACK<\/a>:<\/strong> <\/span><\/div>\n<div class=\"vM0jzc\">\n<p><span data-huuid=\"4303637505923388391\">Software de presupuestos el\u00e9ctricos que ofrece una versi\u00f3n gratuita con funciones para estimaci\u00f3n y presupuestos.<span class=\"pjBG2e\" data-cid=\"5a8938c1-b301-4a4d-aeb9-088ece6bf827\"><span class=\"UV3uM\">\u00a0<\/span><\/span><\/span><\/p>\n<\/div>\n<\/div>\n<\/div>\n<\/div>\n<div class=\"WaaZC\">\n<div class=\"RJPOee EIJn2\">\n<div class=\"zMgcWd dSKvsb\" data-il=\"\">\n<div data-crb-p=\"\">\n<div class=\"xFTqob\">\n<div class=\"vM0jzc\">\n<div class=\"NPrrbc\" data-cid=\"b8b2047e-9199-49c4-9a6e-f129b6594298\" data-uuids=\"4303637505923389175,4303637505923390130\"><\/div>\n<\/div>\n<\/div>\n<\/div>\n<div data-crb-p=\"\">\n<div class=\"xFTqob\">\n<div class=\"vM0jzc\">\n<p>&nbsp;<\/p>\n<div class=\"NPrrbc\" data-cid=\"1495450a-8198-4716-bccf-6a215fa41924\" data-uuids=\"4303637505923387944,4303637505923388899\">\n<div class=\"BMebGe btku5b fCrZyc LwdV0e FR7ZSc qVhvac OJeuxf\" tabindex=\"0\" role=\"button\" aria-label=\"Ver enlaces relacionados\" data-hveid=\"CFEQAQ\" data-ved=\"2ahUKEwiW-_-49LaOAxUMXKQEHSw9K1EQ3fYKegQIURAB\">\n<div class=\"niO4u\">\n<div class=\"kHtcsd\"><\/div>\n<\/div>\n<\/div>\n<\/div>\n<\/div>\n<\/div>\n<\/div>\n<\/div>\n<\/div>\n<\/div>\n","protected":false},"excerpt":{"rendered":"<p>Simuladores de Circuitos el\u00e9ctricos Crocodile Clips (Crocclip) Software de simulaci\u00f3n educativa para Windows, con interfaz de arrastrar y soltar, orientado a estudiantes de electr\u00f3nica de secundaria, FP y bachillerato. Muy b\u00e1sico, sin componentes reales de baja tensi\u00f3n, no \u00fatil para simulaciones profesionales. Master PLC .\u00a0 Software de simulaci\u00f3n enfocado en la formaci\u00f3n t\u00e9cnica en electricidad, [&hellip;]<\/p>\n","protected":false},"author":1,"featured_media":0,"parent":0,"menu_order":0,"comment_status":"closed","ping_status":"closed","template":"","meta":{"footnotes":""},"class_list":["post-183","page","type-page","status-publish","hentry"],"_links":{"self":[{"href":"https:\/\/elpezbombilla.com\/index.php\/wp-json\/wp\/v2\/pages\/183","targetHints":{"allow":["GET"]}}],"collection":[{"href":"https:\/\/elpezbombilla.com\/index.php\/wp-json\/wp\/v2\/pages"}],"about":[{"href":"https:\/\/elpezbombilla.com\/index.php\/wp-json\/wp\/v2\/types\/page"}],"author":[{"embeddable":true,"href":"https:\/\/elpezbombilla.com\/index.php\/wp-json\/wp\/v2\/users\/1"}],"replies":[{"embeddable":true,"href":"https:\/\/elpezbombilla.com\/index.php\/wp-json\/wp\/v2\/comments?post=183"}],"version-history":[{"count":23,"href":"https:\/\/elpezbombilla.com\/index.php\/wp-json\/wp\/v2\/pages\/183\/revisions"}],"predecessor-version":[{"id":246,"href":"https:\/\/elpezbombilla.com\/index.php\/wp-json\/wp\/v2\/pages\/183\/revisions\/246"}],"wp:attachment":[{"href":"https:\/\/elpezbombilla.com\/index.php\/wp-json\/wp\/v2\/media?parent=183"}],"curies":[{"name":"wp","href":"https:\/\/api.w.org\/{rel}","templated":true}]}}