{"id":213,"date":"2025-07-14T05:56:43","date_gmt":"2025-07-14T05:56:43","guid":{"rendered":"https:\/\/elpezbombilla.com\/?page_id=213"},"modified":"2025-07-14T06:04:52","modified_gmt":"2025-07-14T06:04:52","slug":"213-2","status":"publish","type":"page","link":"https:\/\/elpezbombilla.com\/index.php\/213-2\/","title":{"rendered":"Redes sociales de electricistas"},"content":{"rendered":"<p data-start=\"153\" data-end=\"209\"><strong data-start=\"153\" data-end=\"165\">ArtChist<\/strong><br data-start=\"165\" data-end=\"168\" \/>YouTube: ArtChist<br data-start=\"185\" data-end=\"188\" \/>Telegram:<br data-start=\"197\" data-end=\"200\" \/>TikTok:<\/p>\n<p data-start=\"211\" data-end=\"288\"><strong data-start=\"211\" data-end=\"224\">AS de LED<\/strong><br data-start=\"224\" data-end=\"227\" \/><span class=\"relative -mx-px my-[-0.2rem] rounded px-px py-[0.2rem] transition-colors duration-100 ease-in-out\">YouTube: AS de LED<\/span><br data-start=\"264\" data-end=\"267\" \/>Telegram:<br data-start=\"276\" data-end=\"279\" \/>TikTok:<\/p>\n<p data-start=\"290\" data-end=\"383\"><strong data-start=\"290\" data-end=\"319\">Curso Electricista Espa\u00f1a<\/strong><br data-start=\"319\" data-end=\"322\" \/><span class=\"relative -mx-px my-[-0.2rem] rounded px-px py-[0.2rem] transition-colors duration-100 ease-in-out\">YouTube: Curso Electricista Espa\u00f1a<\/span><br data-start=\"359\" data-end=\"362\" \/>Telegram:<br data-start=\"371\" data-end=\"374\" \/>TikTok:<\/p>\n<p data-start=\"385\" data-end=\"538\"><strong data-start=\"385\" data-end=\"421\">Domby Dom\u00f3tica (Ricardo Abell\u00e1n)<\/strong><br data-start=\"421\" data-end=\"424\" \/><span class=\"relative -mx-px my-[-0.2rem] rounded px-px py-[0.2rem] transition-colors duration-100 ease-in-out\">YouTube: Domby Dom\u00f3tica<\/span><br data-start=\"461\" data-end=\"464\" \/>Telegram:<br data-start=\"473\" data-end=\"476\" \/>TikTok: @dombydomotica<\/p>\n<p data-start=\"540\" data-end=\"635\"><strong data-start=\"540\" data-end=\"571\">Domo Electra (Manuel Amate)<\/strong><br data-start=\"571\" data-end=\"574\" \/><span class=\"relative -mx-px my-[-0.2rem] rounded px-px py-[0.2rem] transition-colors duration-100 ease-in-out\">YouTube: Domo Electra<\/span><br data-start=\"611\" data-end=\"614\" \/>Telegram:<br data-start=\"623\" data-end=\"626\" \/>TikTok:<\/p>\n<p data-start=\"637\" data-end=\"721\"><strong data-start=\"637\" data-end=\"657\">Electricidad 365<\/strong><br data-start=\"657\" data-end=\"660\" \/><span class=\"relative -mx-px my-[-0.2rem] rounded px-px py-[0.2rem] transition-colors duration-100 ease-in-out\">YouTube: Electricidad 365<\/span><br data-start=\"697\" data-end=\"700\" \/>Telegram:<br data-start=\"709\" data-end=\"712\" \/>TikTok:<\/p>\n<p data-start=\"723\" data-end=\"824\"><strong data-start=\"723\" data-end=\"760\">Electricidad FP (Germ\u00e1n Cayetano)<\/strong><br data-start=\"760\" data-end=\"763\" \/><span class=\"relative -mx-px my-[-0.2rem] rounded px-px py-[0.2rem] transition-colors duration-100 ease-in-out\">YouTube: Electricidad FP<\/span><br data-start=\"800\" data-end=\"803\" \/>Telegram:<br data-start=\"812\" data-end=\"815\" \/>TikTok:<\/p>\n<p data-start=\"826\" data-end=\"915\"><strong data-start=\"826\" data-end=\"851\">Electricidad JCatalan<\/strong><br data-start=\"851\" data-end=\"854\" \/><span class=\"relative -mx-px my-[-0.2rem] rounded px-px py-[0.2rem] transition-colors duration-100 ease-in-out\">YouTube: Electricidad JCatalan<\/span><br data-start=\"891\" data-end=\"894\" \/>Telegram:<br data-start=\"903\" data-end=\"906\" \/>TikTok:<\/p>\n<p data-start=\"917\" data-end=\"1068\"><strong data-start=\"917\" data-end=\"941\">Electricista en Casa<\/strong><br data-start=\"941\" data-end=\"944\" \/><span class=\"relative -mx-px my-[-0.2rem] rounded px-px py-[0.2rem] transition-colors duration-100 ease-in-out\">YouTube: Electricista en Casa<\/span><br data-start=\"983\" data-end=\"986\" \/>Telegram:<br data-start=\"995\" data-end=\"998\" \/>TikTok: @electricista_encasa<\/p>\n<p data-start=\"1070\" data-end=\"1166\"><strong data-start=\"1070\" data-end=\"1100\">Electricista Martin Robelo<\/strong><br data-start=\"1100\" data-end=\"1103\" \/><span class=\"relative -mx-px my-[-0.2rem] rounded px-px py-[0.2rem] transition-colors duration-100 ease-in-out\">YouTube: Electricista Martin Robelo<\/span><br data-start=\"1142\" data-end=\"1145\" \/>Telegram:<br data-start=\"1154\" data-end=\"1157\" \/>TikTok:<\/p>\n<p data-start=\"1168\" data-end=\"1255\"><strong data-start=\"1168\" data-end=\"1189\">Electr\u00f3n Inquieto<\/strong><br data-start=\"1189\" data-end=\"1192\" \/><span class=\"relative -mx-px my-[-0.2rem] rounded px-px py-[0.2rem] transition-colors duration-100 ease-in-out\">YouTube: Electr\u00f3n Inquieto<\/span><br data-start=\"1231\" data-end=\"1234\" \/>Telegram:<br data-start=\"1243\" data-end=\"1246\" \/>TikTok:<\/p>\n<p data-start=\"1257\" data-end=\"1348\"><strong data-start=\"1257\" data-end=\"1298\">Electrocontrol (Jos\u00e9 Ignacio Lorenzo)<\/strong><br data-start=\"1298\" data-end=\"1301\" \/>YouTube: Electrocontrol<br data-start=\"1324\" data-end=\"1327\" \/>Telegram:<br data-start=\"1336\" data-end=\"1339\" \/>TikTok:<\/p>\n<p data-start=\"1350\" data-end=\"1406\"><strong data-start=\"1350\" data-end=\"1362\">Enerluxe<\/strong><br data-start=\"1362\" data-end=\"1365\" \/>YouTube: Enerluxe<br data-start=\"1382\" data-end=\"1385\" \/>Telegram:<br data-start=\"1394\" data-end=\"1397\" \/>TikTok:<\/p>\n<p data-start=\"1408\" data-end=\"1500\"><strong data-start=\"1408\" data-end=\"1434\">Gast\u00f3n \u2013 Proyectos LED<\/strong><br data-start=\"1434\" data-end=\"1437\" \/><span class=\"relative -mx-px my-[-0.2rem] rounded px-px py-[0.2rem] transition-colors duration-100 ease-in-out\">YouTube: Proyectos LED (Gast\u00f3n)<\/span><br data-start=\"1476\" data-end=\"1479\" \/>Telegram:<br data-start=\"1488\" data-end=\"1491\" \/>TikTok:<\/p>\n<p data-start=\"1502\" data-end=\"1589\"><strong data-start=\"1502\" data-end=\"1523\">ISA Electricistas<\/strong><br data-start=\"1523\" data-end=\"1526\" \/><span class=\"relative -mx-px my-[-0.2rem] rounded px-px py-[0.2rem] transition-colors duration-100 ease-in-out\">YouTube: ISA Electricistas<\/span><br data-start=\"1565\" data-end=\"1568\" \/>Telegram:<br data-start=\"1577\" data-end=\"1580\" \/>TikTok:<\/p>\n<p data-start=\"1591\" data-end=\"1738\"><strong data-start=\"1591\" data-end=\"1606\">Juan Castro<\/strong><br data-start=\"1606\" data-end=\"1609\" \/><span class=\"relative -mx-px my-[-0.2rem] rounded px-px py-[0.2rem] transition-colors duration-100 ease-in-out\">YouTube:<a href=\"https:\/\/www.youtube.com\/@JUANCASTROELECTRICIDAD\"> Electricidad Castro Instalaciones<\/a><\/span><br data-start=\"1648\" data-end=\"1651\" \/>Telegram:<br data-start=\"1660\" data-end=\"1663\" \/>TikTok: @juan_castro_electricidad <span class=\"\" data-state=\"closed\"><span class=\"ms-1 inline-flex max-w-full items-center relative top-[-0.094rem] animate-[show_150ms_ease-in]\"><a class=\"flex h-4.5 overflow-hidden rounded-xl px-2 text-[9px] font-medium text-token-text-secondary! bg-[#F4F4F4]! dark:bg-[#303030]! transition-colors duration-150 ease-in-out\" href=\"https:\/\/www.tiktok.com\/%40elelectricista?utm_source=chatgpt.com\" target=\"_blank\" rel=\"noopener\"><span class=\"relative start-0 bottom-0 flex h-full w-full items-center\"><span class=\"flex h-4 w-full items-center justify-between absolute\"><span class=\"max-w-full grow truncate overflow-hidden text-center\">Telegram<\/span><span class=\"-me-1 flex h-full items-center rounded-full px-1 text-[#8F8F8F]\">+2<\/span><\/span><span class=\"flex h-4 w-full items-center justify-between\"><span class=\"max-w-full grow truncate overflow-hidden text-center\">TikTok<\/span><span class=\"-me-1 flex h-full items-center rounded-full px-1 text-[#8F8F8F]\">+2<\/span><\/span><span class=\"flex h-4 w-full items-center justify-between absolute\"><span class=\"max-w-full grow truncate overflow-hidden text-center\">telegram.im<\/span><span class=\"-me-1 flex h-full items-center rounded-full px-1 text-[#8F8F8F]\">+2<\/span><\/span><\/span><\/a><\/span><\/span><\/p>\n<p data-start=\"1740\" data-end=\"1852\"><strong data-start=\"1740\" data-end=\"1786\">Juan Manuel Navarro (El Ruso Electricidad)<\/strong><br data-start=\"1786\" data-end=\"1789\" \/><span class=\"relative -mx-px my-[-0.2rem] rounded px-px py-[0.2rem] transition-colors duration-100 ease-in-out\">YouTube: El Ruso Electricidad<\/span><br data-start=\"1828\" data-end=\"1831\" \/>Telegram:<br data-start=\"1840\" data-end=\"1843\" \/>TikTok:<\/p>\n<p data-start=\"1854\" data-end=\"1937\"><strong data-start=\"1854\" data-end=\"1871\">Martin Robelo<\/strong><br data-start=\"1871\" data-end=\"1874\" \/><span class=\"relative -mx-px my-[-0.2rem] rounded px-px py-[0.2rem] transition-colors duration-100 ease-in-out\">YouTube: Martin Robelo<\/span><br data-start=\"1913\" data-end=\"1916\" \/>Telegram:<br data-start=\"1925\" data-end=\"1928\" \/>TikTok:<\/p>\n<p data-start=\"1939\" data-end=\"2029\"><strong data-start=\"1939\" data-end=\"1963\">Miguel \u00c1ngel Vadillo<\/strong><br data-start=\"1963\" data-end=\"1966\" \/><span class=\"relative -mx-px my-[-0.2rem] rounded px-px py-[0.2rem] transition-colors duration-100 ease-in-out\">YouTube: Miguel \u00c1ngel Vadillo<\/span><br data-start=\"2005\" data-end=\"2008\" \/>Telegram:<br data-start=\"2017\" data-end=\"2020\" \/>TikTok:<\/p>\n<p data-start=\"2031\" data-end=\"2121\"><strong data-start=\"2031\" data-end=\"2055\">Modelek Electricidad<\/strong><br data-start=\"2055\" data-end=\"2058\" \/><span class=\"relative -mx-px my-[-0.2rem] rounded px-px py-[0.2rem] transition-colors duration-100 ease-in-out\">YouTube: Modelek Electricidad<\/span><br data-start=\"2097\" data-end=\"2100\" \/>Telegram:<br data-start=\"2109\" data-end=\"2112\" \/>TikTok:<\/p>\n<p data-start=\"2123\" data-end=\"2235\"><strong data-start=\"2123\" data-end=\"2169\">Pon un Ingeniero en tu Vida (Kiko S\u00e1nchez)<\/strong><br data-start=\"2169\" data-end=\"2172\" \/><span class=\"relative -mx-px my-[-0.2rem] rounded px-px py-[0.2rem] transition-colors duration-100 ease-in-out\">YouTube: Pon un Ingeniero en tu Vida<\/span><br data-start=\"2211\" data-end=\"2214\" \/>Telegram:<br data-start=\"2223\" data-end=\"2226\" \/>TikTok:<\/p>\n<p data-start=\"2237\" data-end=\"2324\"><strong data-start=\"2237\" data-end=\"2258\">PRO instalaciones<\/strong><br data-start=\"2258\" data-end=\"2261\" \/><span class=\"relative -mx-px my-[-0.2rem] rounded px-px py-[0.2rem] transition-colors duration-100 ease-in-out\">YouTube: PRO instalaciones<\/span><br data-start=\"2300\" data-end=\"2303\" \/>Telegram:<br data-start=\"2312\" data-end=\"2315\" \/>TikTok:<\/p>\n<p data-start=\"2326\" data-end=\"2392\"><strong data-start=\"2326\" data-end=\"2343\">Reparatumismo<\/strong><br data-start=\"2343\" data-end=\"2346\" \/>YouTube: Reparatumismo<br data-start=\"2368\" data-end=\"2371\" \/>Telegram:<br data-start=\"2380\" data-end=\"2383\" \/>TikTok:<\/p>\n<p data-start=\"2394\" data-end=\"2479\"><strong data-start=\"2394\" data-end=\"2413\">Servicio Xpress<\/strong><br data-start=\"2413\" data-end=\"2416\" \/><span class=\"relative -mx-px my-[-0.2rem] rounded px-px py-[0.2rem] transition-colors duration-100 ease-in-out\">YouTube: Servicio Xpress<\/span><br data-start=\"2455\" data-end=\"2458\" \/>Telegram:<br data-start=\"2467\" data-end=\"2470\" \/>TikTok:<\/p>\n<p data-start=\"2481\" data-end=\"2571\"><strong data-start=\"2481\" data-end=\"2505\">S\u00edgueme la Corriente<\/strong><br data-start=\"2505\" data-end=\"2508\" \/><span class=\"relative -mx-px my-[-0.2rem] rounded px-px py-[0.2rem] transition-colors duration-100 ease-in-out\">YouTube: S\u00edgueme la Corriente<\/span><br data-start=\"2547\" data-end=\"2550\" \/>Telegram:<br data-start=\"2559\" data-end=\"2562\" \/>TikTok:<\/p>\n<p data-start=\"2573\" data-end=\"2659\"><strong data-start=\"2573\" data-end=\"2593\">Soy Electricista<\/strong><br data-start=\"2593\" data-end=\"2596\" \/><span class=\"relative -mx-px my-[-0.2rem] rounded px-px py-[0.2rem] transition-colors duration-100 ease-in-out\">YouTube: Soy Electricista<\/span><br data-start=\"2635\" data-end=\"2638\" \/>Telegram:<br data-start=\"2647\" data-end=\"2650\" \/>TikTok:<\/p>\n<p data-start=\"2661\" data-end=\"2743\"><strong data-start=\"2661\" data-end=\"2677\">Sergio Ortiz<\/strong><br data-start=\"2677\" data-end=\"2680\" \/><span class=\"relative -mx-px my-[-0.2rem] rounded px-px py-[0.2rem] transition-colors duration-100 ease-in-out\">YouTube: Sergio Ortiz<\/span><br data-start=\"2719\" data-end=\"2722\" \/>Telegram:<br data-start=\"2731\" data-end=\"2734\" \/>TikTok:<\/p>\n<p data-start=\"2745\" data-end=\"2854\"><strong data-start=\"2745\" data-end=\"2788\">T\u00e9cnico Electricista (@TcnicoElectric1)<\/strong><br data-start=\"2788\" data-end=\"2791\" \/><span class=\"relative -mx-px my-[-0.2rem] rounded px-px py-[0.2rem] transition-colors duration-100 ease-in-out\">YouTube: T\u00e9cnico Electricista<\/span><br data-start=\"2830\" data-end=\"2833\" \/>Telegram:<br data-start=\"2842\" data-end=\"2845\" \/>TikTok:<\/p>\n<p data-start=\"2856\" data-end=\"2949\"><strong data-start=\"2856\" data-end=\"2883\">Tu Maestro Electricista<\/strong><br data-start=\"2883\" data-end=\"2886\" \/><span class=\"relative -mx-px my-[-0.2rem] rounded px-px py-[0.2rem] transition-colors duration-100 ease-in-out\">YouTube: Tu Maestro Electricista<\/span><br data-start=\"2925\" data-end=\"2928\" \/>Telegram:<br data-start=\"2937\" data-end=\"2940\" \/>TikTok:<\/p>\n<hr data-start=\"2951\" data-end=\"2954\" \/>\n<p>&nbsp;<\/p>\n","protected":false},"excerpt":{"rendered":"<p>ArtChistYouTube: ArtChistTelegram:TikTok: AS de LEDYouTube: AS de LEDTelegram:TikTok: Curso Electricista Espa\u00f1aYouTube: Curso Electricista Espa\u00f1aTelegram:TikTok: Domby Dom\u00f3tica (Ricardo Abell\u00e1n)YouTube: Domby Dom\u00f3ticaTelegram:TikTok: @dombydomotica Domo Electra (Manuel Amate)YouTube: Domo ElectraTelegram:TikTok: Electricidad 365YouTube: Electricidad 365Telegram:TikTok: Electricidad FP (Germ\u00e1n Cayetano)YouTube: Electricidad FPTelegram:TikTok: Electricidad JCatalanYouTube: Electricidad JCatalanTelegram:TikTok: Electricista en CasaYouTube: Electricista en CasaTelegram:TikTok: @electricista_encasa Electricista Martin RobeloYouTube: Electricista Martin RobeloTelegram:TikTok: Electr\u00f3n [&hellip;]<\/p>\n","protected":false},"author":1,"featured_media":0,"parent":0,"menu_order":0,"comment_status":"closed","ping_status":"closed","template":"","meta":{"footnotes":""},"class_list":["post-213","page","type-page","status-publish","hentry"],"_links":{"self":[{"href":"https:\/\/elpezbombilla.com\/index.php\/wp-json\/wp\/v2\/pages\/213","targetHints":{"allow":["GET"]}}],"collection":[{"href":"https:\/\/elpezbombilla.com\/index.php\/wp-json\/wp\/v2\/pages"}],"about":[{"href":"https:\/\/elpezbombilla.com\/index.php\/wp-json\/wp\/v2\/types\/page"}],"author":[{"embeddable":true,"href":"https:\/\/elpezbombilla.com\/index.php\/wp-json\/wp\/v2\/users\/1"}],"replies":[{"embeddable":true,"href":"https:\/\/elpezbombilla.com\/index.php\/wp-json\/wp\/v2\/comments?post=213"}],"version-history":[{"count":3,"href":"https:\/\/elpezbombilla.com\/index.php\/wp-json\/wp\/v2\/pages\/213\/revisions"}],"predecessor-version":[{"id":217,"href":"https:\/\/elpezbombilla.com\/index.php\/wp-json\/wp\/v2\/pages\/213\/revisions\/217"}],"wp:attachment":[{"href":"https:\/\/elpezbombilla.com\/index.php\/wp-json\/wp\/v2\/media?parent=213"}],"curies":[{"name":"wp","href":"https:\/\/api.w.org\/{rel}","templated":true}]}}