{"id":71,"date":"2025-07-08T05:53:42","date_gmt":"2025-07-08T05:53:42","guid":{"rendered":"https:\/\/elpezbombilla.com\/?page_id=71"},"modified":"2025-07-21T06:17:33","modified_gmt":"2025-07-21T06:17:33","slug":"luminarias-creativas-para-los-peques","status":"publish","type":"page","link":"https:\/\/elpezbombilla.com\/","title":{"rendered":"Tutoriales de Baja Tensi\u00f3n"},"content":{"rendered":"<p>&nbsp;<\/p>\n<ul>\n<li>\n<h3><a href=\"https:\/\/elpezbombilla.com\/index.php\/conceptos-basicos-de-electricidad\/\"><strong>Conceptos b\u00e1sicos de electricidad.<\/strong><\/a><\/h3>\n<\/li>\n<li>\n<h3><a href=\"https:\/\/elpezbombilla.com\/index.php\/luminarias-creativas-para-los-peques\/el-rebt-en-tutoriales-de-video\/\"><strong>El REBT en tutoriales de v\u00eddeo.<\/strong><\/a><\/h3>\n<\/li>\n<li>\n<h3><a href=\"https:\/\/elpezbombilla.com\/index.php\/luminarias-creativas-para-los-peques\/instalaciones-basicas-y-sus-esquemas-electricos\/\"><strong>Instalaciones b\u00e1sicas y sus esquemas el\u00e9ctricos.<\/strong><\/a><\/h3>\n<\/li>\n<li>\n<h3><a href=\"https:\/\/elpezbombilla.com\/index.php\/verificaciones-reglamentarias\/\"><strong>Verificaciones reglamentarias de las instalaciones el\u00e9ctricas.<\/strong><\/a><\/h3>\n<\/li>\n<li>\n<h3><a href=\"https:\/\/elpezbombilla.com\/index.php\/calculos-electricos\/\"><strong>C\u00e1lculos el\u00e9ctricos.<\/strong><\/a><\/h3>\n<\/li>\n<li>\n<h3><a href=\"https:\/\/elpezbombilla.com\/index.php\/luminarias-creativas-para-los-peques\/mantenimiento-de-instalaciones-de-baja-tension\/\"><strong>Mantenimiento de Instalaciones de Baja Tensi\u00f3n.<\/strong><\/a><\/h3>\n<\/li>\n<li>\n<h3><a href=\"https:\/\/industria.gob.es\/Calidad-Industrial\/seguridadindustrial\/instalacionesindustriales\/baja-tension\/Paginas\/reglamento-2002.aspx\"><strong>El REBT actualizado en l\u00ednea<\/strong><\/a><\/h3>\n<\/li>\n<li>\n<h3><strong>Manuales de electricidad<\/strong><\/h3>\n<\/li>\n<li>\n<h3><strong>Ejemplos de Proyectos y Memorias T\u00e9cnicas de Dise\u00f1o.<\/strong><\/h3>\n<\/li>\n<li>\n<h3><a href=\"https:\/\/elpezbombilla.com\/index.php\/software-para-electricistas\/\"><strong>Software gratuito para electricistas.<\/strong><\/a><\/h3>\n<\/li>\n<li>\n<h3><a href=\"https:\/\/elpezbombilla.com\/index.php\/213-2\/\"><strong>Redes Sociales de electricistas profesionales.<\/strong><\/a><\/h3>\n<\/li>\n<li>\n<h3><a href=\"https:\/\/elpezbombilla.com\/index.php\/tiendas-de-material-electrico\/\"><strong>Tiendas de material el\u00e9ctrico<\/strong><\/a><\/h3>\n<\/li>\n<\/ul>\n","protected":false},"excerpt":{"rendered":"<p>&nbsp; Conceptos b\u00e1sicos de electricidad. El REBT en tutoriales de v\u00eddeo. Instalaciones b\u00e1sicas y sus esquemas el\u00e9ctricos. Verificaciones reglamentarias de las instalaciones el\u00e9ctricas. C\u00e1lculos el\u00e9ctricos. Mantenimiento de Instalaciones de Baja Tensi\u00f3n. El REBT actualizado en l\u00ednea Manuales de electricidad Ejemplos de Proyectos y Memorias T\u00e9cnicas de Dise\u00f1o. Software gratuito para electricistas. Redes Sociales de electricistas [&hellip;]<\/p>\n","protected":false},"author":1,"featured_media":0,"parent":0,"menu_order":0,"comment_status":"closed","ping_status":"closed","template":"","meta":{"footnotes":""},"class_list":["post-71","page","type-page","status-publish","hentry"],"_links":{"self":[{"href":"https:\/\/elpezbombilla.com\/index.php\/wp-json\/wp\/v2\/pages\/71","targetHints":{"allow":["GET"]}}],"collection":[{"href":"https:\/\/elpezbombilla.com\/index.php\/wp-json\/wp\/v2\/pages"}],"about":[{"href":"https:\/\/elpezbombilla.com\/index.php\/wp-json\/wp\/v2\/types\/page"}],"author":[{"embeddable":true,"href":"https:\/\/elpezbombilla.com\/index.php\/wp-json\/wp\/v2\/users\/1"}],"replies":[{"embeddable":true,"href":"https:\/\/elpezbombilla.com\/index.php\/wp-json\/wp\/v2\/comments?post=71"}],"version-history":[{"count":30,"href":"https:\/\/elpezbombilla.com\/index.php\/wp-json\/wp\/v2\/pages\/71\/revisions"}],"predecessor-version":[{"id":247,"href":"https:\/\/elpezbombilla.com\/index.php\/wp-json\/wp\/v2\/pages\/71\/revisions\/247"}],"wp:attachment":[{"href":"https:\/\/elpezbombilla.com\/index.php\/wp-json\/wp\/v2\/media?parent=71"}],"curies":[{"name":"wp","href":"https:\/\/api.w.org\/{rel}","templated":true}]}}