{"id":76,"date":"2025-07-08T06:02:32","date_gmt":"2025-07-08T06:02:32","guid":{"rendered":"https:\/\/elpezbombilla.com\/?page_id=76"},"modified":"2025-07-08T21:37:41","modified_gmt":"2025-07-08T21:37:41","slug":"el-rebt-en-tutoriales-de-video","status":"publish","type":"page","link":"https:\/\/elpezbombilla.com\/index.php\/luminarias-creativas-para-los-peques\/el-rebt-en-tutoriales-de-video\/","title":{"rendered":"El REBT en tutoriales de v\u00eddeo"},"content":{"rendered":"<ol class=\"wp-block-list\">\n<li><strong>ITC\u2011BT\u201101. Terminolog\u00eda<\/strong><\/li>\n<li><strong>ITC\u2011BT\u201102. Normas de referencia en el Reglamento electrot\u00e9cnico de baja tensi\u00f3n<\/strong><\/li>\n<li><strong>ITC\u2011BT\u201103. Empresas instaladoras en baja tensi\u00f3n<\/strong><\/li>\n<li><strong>ITC\u2011BT\u201104. Documentaci\u00f3n y puesta en servicio de las instalaciones<\/strong><\/li>\n<li><strong>ITC\u2011BT\u201105. Verificaciones e inspecciones<\/strong>\n<ol>\n<li style=\"list-style-type: none;\">\n<ul class=\"wp-block-list\">\n<li><a href=\"https:\/\/elpezbombilla.com\/index.php\/checklist-para-la-inspeccion-de-una-oca\/\">Cheklist para la inspecci\u00f3n de una OCA<\/a><\/li>\n<\/ul>\n<\/li>\n<\/ol>\n<\/li>\n<li><strong>ITC\u2011BT\u201106. Redes a\u00e9reas para distribuci\u00f3n en baja tensi\u00f3n<\/strong><\/li>\n<li><strong>ITC\u2011BT\u201107. Redes subterr\u00e1neas para distribuci\u00f3n en baja tensi\u00f3n<\/strong><\/li>\n<li><strong>ITC\u2011BT\u201108. Sistemas de conexi\u00f3n del neutro y de las masas en redes de distribuci\u00f3n de energ\u00eda el\u00e9ctrica<\/strong><\/li>\n<li><strong>ITC\u2011BT\u201109. Instalaciones de alumbrado exterior<\/strong><\/li>\n<li><strong>ITC\u2011BT\u201110. Previsi\u00f3n de cargas para suministros en baja tensi\u00f3n<\/strong>\n<ul>\n<li style=\"list-style-type: none;\">\n<ul class=\"wp-block-list\">\n<li><a href=\"https:\/\/www.youtube.com\/watch?v=66kMuyiVWAQ\">V\u00eddeo: Calcular previsi\u00f3n de cargas de un edificio. \u00c1ngel Moreno.<\/a><\/li>\n<\/ul>\n<\/li>\n<\/ul>\n<\/li>\n<li><strong>ITC\u2011BT\u201111. Redes de distribuci\u00f3n de energ\u00eda el\u00e9ctrica. Acometidas<\/strong><\/li>\n<li><strong>ITC\u2011BT\u201112. Instalaciones de enlace. Esquemas<\/strong><\/li>\n<li><strong>ITC\u2011BT\u201113. Instalaciones de enlace. Cajas generales de protecci\u00f3n<\/strong><\/li>\n<li><strong>ITC\u2011BT\u201114. Instalaciones de enlace. L\u00ednea general de alimentaci\u00f3n<\/strong><\/li>\n<li><strong>ITC\u2011BT\u201115. Instalaciones de enlace. Derivaciones individuales<\/strong><\/li>\n<li><strong>ITC\u2011BT\u201116. Instalaciones de enlace. Contadores: ubicaci\u00f3n y sistemas de instalaci\u00f3n<\/strong><\/li>\n<li><strong>ITC\u2011BT\u201117. Instalaciones de enlace. Dispositivos generales e individuales de mando y protecci\u00f3n. Interruptor de control de potencia<\/strong><\/li>\n<li><strong>ITC\u2011BT\u201118. Instalaciones de puesta a tierra<\/strong><\/li>\n<li><strong>ITC\u2011BT\u201119. Instalaciones interiores o receptoras. Prescripciones generales<\/strong><\/li>\n<li><strong>ITC\u2011BT\u201120. Instalaciones interiores o receptoras. Sistemas de instalaci\u00f3n<\/strong><\/li>\n<li><strong>ITC\u2011BT\u201121. Instalaciones interiores o receptoras. Tubos y canales protectoras<\/strong><\/li>\n<li><strong>ITC\u2011BT\u201122. Instalaciones interiores o receptoras. Protecci\u00f3n contra sobreintensidades<\/strong><\/li>\n<li><strong>ITC\u2011BT\u201123. Instalaciones interiores o receptoras. Protecci\u00f3n contra sobretensiones<\/strong><\/li>\n<li><strong>ITC\u2011BT\u201124. Instalaciones interiores o receptoras. Protecci\u00f3n contra contactos directos e indirectos<\/strong><\/li>\n<li><strong>ITC\u2011BT\u201125. Instalaciones interiores en viviendas. N\u00famero de circuitos y caracter\u00edsticas<\/strong>\n<ul>\n<li style=\"list-style-type: none;\">\n<ul class=\"wp-block-list\">\n<li><a href=\"https:\/\/www.youtube.com\/watch?v=DFk9neuSgxE&amp;t=389s\">V\u00eddeo: C\u00f3mo cablear el cuadro el\u00e9ctrico de una vivienda seg\u00fan el reglamento de baja tensi\u00f3n.<\/a><\/li>\n<\/ul>\n<\/li>\n<\/ul>\n<\/li>\n<li><strong>ITC\u2011BT\u201126. Instalaciones interiores en viviendas. Prescripciones generales de instalaci\u00f3n<\/strong><\/li>\n<li><strong>ITC\u2011BT\u201127. Instalaciones interiores en viviendas. Locales que contienen una ba\u00f1era o ducha<\/strong><\/li>\n<li><strong>ITC\u2011BT\u201128. Instalaciones en locales de p\u00fablica concurrencia<\/strong><\/li>\n<li><strong>ITC\u2011BT\u201129. Prescripciones particulares para locales con riesgo de incendio o explosi\u00f3n<\/strong><\/li>\n<li><strong>ITC\u2011BT\u201130. Instalaciones en locales de caracter\u00edsticas especiales<\/strong><\/li>\n<li><strong>ITC\u2011BT\u201131. Instalaciones con fines especiales. Piscinas y fuentes<\/strong><\/li>\n<li><strong>ITC\u2011BT\u201132. Instalaciones con fines especiales. M\u00e1quinas de elevaci\u00f3n y transporte<\/strong><\/li>\n<li><strong>ITC\u2011BT\u201133. Instalaciones con fines especiales. Instalaciones provisionales y temporales de obras<\/strong><\/li>\n<li><strong>ITC\u2011BT\u201134. Instalaciones con fines especiales. Ferias y stands<\/strong><\/li>\n<li><strong>ITC\u2011BT\u201135. Instalaciones con fines especiales. Establecimientos agr\u00edcolas y hort\u00edcolas<\/strong><\/li>\n<li><strong>ITC\u2011BT\u201136. Instalaciones a muy baja tensi\u00f3n<\/strong><\/li>\n<li><strong>ITC\u2011BT\u201137. Instalaciones a tensiones especiales<\/strong><\/li>\n<li><strong>ITC\u2011BT\u201138. Instalaciones con fines especiales. Requisitos en quir\u00f3fanos y salas de intervenci\u00f3n<\/strong><\/li>\n<li><strong>ITC\u2011BT\u201139. Instalaciones con fines especiales. Cercas el\u00e9ctricas para ganado<\/strong><\/li>\n<li><strong>ITC\u2011BT\u201140. Instalaciones generadoras de baja tensi\u00f3n<\/strong><\/li>\n<li><strong>ITC\u2011BT\u201141. Instalaciones el\u00e9ctricas en caravanas y parques de caravanas<\/strong><\/li>\n<li><strong>ITC\u2011BT\u201142. Instalaciones el\u00e9ctricas en puertos y marinas para barcos de recreo<\/strong><\/li>\n<li><strong>ITC\u2011BT\u201143. Instalaci\u00f3n de receptores. Prescripciones generales<\/strong><\/li>\n<li><strong>ITC\u2011BT\u201144. Instalaci\u00f3n de receptores. Receptores para alumbrado<\/strong><\/li>\n<li><strong>ITC\u2011BT\u201145. Instalaci\u00f3n de receptores. Aparatos de caldeo<\/strong><\/li>\n<li><strong>ITC\u2011BT\u201146. Instalaci\u00f3n de receptores. Cables y folios radiantes en viviendas<\/strong><\/li>\n<li><strong>ITC\u2011BT\u201147. Instalaci\u00f3n de receptores. Motores<\/strong><\/li>\n<li><strong>ITC\u2011BT\u201148. Instalaci\u00f3n de receptores. Transformadores, reactancias, rectificadores, condensadores<\/strong><\/li>\n<li><strong>ITC\u2011BT\u201149. Instalaciones el\u00e9ctricas en muebles<\/strong><\/li>\n<li><strong>ITC\u2011BT\u201150. Instalaciones el\u00e9ctricas en saunas<\/strong><\/li>\n<li><strong>ITC\u2011BT\u201151. Instalaciones de sistemas de automatizaci\u00f3n, gesti\u00f3n t\u00e9cnica de la energ\u00eda y seguridad<\/strong><\/li>\n<li><strong>ITC\u2011BT\u201152. Instalaciones con fines especiales. Infraestructura para recarga de veh\u00edculos el\u00e9ctricos<\/strong><br \/>\n(ITC-BT-52 fue a\u00f1adida por RD\u202f1053\/2014) <a href=\"https:\/\/es.wikipedia.org\/wiki\/Reglamento_electrot%C3%A9cnico_para_baja_tensi%C3%B3n_%28Espa%C3%B1a%29?utm_source=chatgpt.com\" target=\"_blank\" rel=\"noreferrer noopener\">industria.gob.es+15es.wikipedia.org+15material-electrico.cdecomunicacion.es+15<\/a><\/li>\n<\/ol>\n","protected":false},"excerpt":{"rendered":"<p>ITC\u2011BT\u201101. Terminolog\u00eda ITC\u2011BT\u201102. Normas de referencia en el Reglamento electrot\u00e9cnico de baja tensi\u00f3n ITC\u2011BT\u201103. Empresas instaladoras en baja tensi\u00f3n ITC\u2011BT\u201104. Documentaci\u00f3n y puesta en servicio de las instalaciones ITC\u2011BT\u201105. Verificaciones e inspecciones Cheklist para la inspecci\u00f3n de una OCA ITC\u2011BT\u201106. Redes a\u00e9reas para distribuci\u00f3n en baja tensi\u00f3n ITC\u2011BT\u201107. Redes subterr\u00e1neas para distribuci\u00f3n en baja tensi\u00f3n [&hellip;]<\/p>\n","protected":false},"author":1,"featured_media":0,"parent":71,"menu_order":0,"comment_status":"closed","ping_status":"closed","template":"","meta":{"footnotes":""},"class_list":["post-76","page","type-page","status-publish","hentry"],"_links":{"self":[{"href":"https:\/\/elpezbombilla.com\/index.php\/wp-json\/wp\/v2\/pages\/76","targetHints":{"allow":["GET"]}}],"collection":[{"href":"https:\/\/elpezbombilla.com\/index.php\/wp-json\/wp\/v2\/pages"}],"about":[{"href":"https:\/\/elpezbombilla.com\/index.php\/wp-json\/wp\/v2\/types\/page"}],"author":[{"embeddable":true,"href":"https:\/\/elpezbombilla.com\/index.php\/wp-json\/wp\/v2\/users\/1"}],"replies":[{"embeddable":true,"href":"https:\/\/elpezbombilla.com\/index.php\/wp-json\/wp\/v2\/comments?post=76"}],"version-history":[{"count":6,"href":"https:\/\/elpezbombilla.com\/index.php\/wp-json\/wp\/v2\/pages\/76\/revisions"}],"predecessor-version":[{"id":109,"href":"https:\/\/elpezbombilla.com\/index.php\/wp-json\/wp\/v2\/pages\/76\/revisions\/109"}],"up":[{"embeddable":true,"href":"https:\/\/elpezbombilla.com\/index.php\/wp-json\/wp\/v2\/pages\/71"}],"wp:attachment":[{"href":"https:\/\/elpezbombilla.com\/index.php\/wp-json\/wp\/v2\/media?parent=76"}],"curies":[{"name":"wp","href":"https:\/\/api.w.org\/{rel}","templated":true}]}}