{"id":84,"date":"2025-07-08T13:24:07","date_gmt":"2025-07-08T13:24:07","guid":{"rendered":"https:\/\/elpezbombilla.com\/?page_id=84"},"modified":"2025-07-08T20:31:51","modified_gmt":"2025-07-08T20:31:51","slug":"mantenimiento-de-instalaciones-de-baja-tension","status":"publish","type":"page","link":"https:\/\/elpezbombilla.com\/index.php\/luminarias-creativas-para-los-peques\/mantenimiento-de-instalaciones-de-baja-tension\/","title":{"rendered":"Mantenimiento de Instalaciones de Baja Tensi\u00f3n"},"content":{"rendered":"<h3><strong>MANTENIMIENTO PREVENTIVO<\/strong><\/h3>\n<h3><strong>MANTENIMIENTO PREDICTIVO<\/strong><\/h3>\n<ul>\n<li style=\"list-style-type: none;\">\n<ul>\n<li style=\"list-style-type: none;\">\n<ul>\n<li><a href=\"https:\/\/www.youtube.com\/watch?v=9cWJYtYCSKE\">V\u00eddeo: Termograf\u00eda infrarroja. El m\u00e9todo innovador para el mantenimiento predictivo. Apliter.<\/a><\/li>\n<\/ul>\n<\/li>\n<\/ul>\n<\/li>\n<\/ul>\n<ul>\n<li style=\"list-style-type: none;\">\n<ul>\n<li style=\"list-style-type: none;\">\n<ul>\n<li>\n<h3><strong>Mantenimiento prescriptivo<\/strong><\/h3>\n<\/li>\n<\/ul>\n<\/li>\n<\/ul>\n<\/li>\n<\/ul>\n<h3><strong>MANTENIMIENTO CORRECTIVO<\/strong><\/h3>\n<ul>\n<li style=\"list-style-type: none;\">\n<ul>\n<li style=\"list-style-type: none;\">\n<ul>\n<li>Tabla:\u00a0 Aver\u00edas m\u00e1s comunes en una instalaci\u00f3n el\u00e9ctrica: s\u00edntomas, aver\u00edas, soluciones<\/li>\n<li>\u00a0<a href=\"https:\/\/www.youtube.com\/watch?v=Cj6ehyQODDg\">V\u00eddeo: Investigaci\u00f3n de Aver\u00edas. Ingenier\u00eda de Mantenimiento. Santiago Garc\u00eda.<\/a><\/li>\n<li><a href=\"https:\/\/www.youtube.com\/watch?v=uVhrmF2ztJc\">V\u00eddeo: Aver\u00eda salto de diferencial en vivienda. Canal: Jose Ram\u00f3n Vaello.<\/a><\/li>\n<li><a href=\"https:\/\/www.youtube.com\/watch?v=0Keg59cdDPE\">V\u00eddeo: Aver\u00eda por falta de tensi\u00f3n en toma de corriente. Canal: Jose Ram\u00f3n Vaello.<\/a><\/li>\n<\/ul>\n<\/li>\n<\/ul>\n<\/li>\n<\/ul>\n","protected":false},"excerpt":{"rendered":"<p>MANTENIMIENTO PREVENTIVO MANTENIMIENTO PREDICTIVO V\u00eddeo: Termograf\u00eda infrarroja. El m\u00e9todo innovador para el mantenimiento predictivo. Apliter. Mantenimiento prescriptivo MANTENIMIENTO CORRECTIVO Tabla:\u00a0 Aver\u00edas m\u00e1s comunes en una instalaci\u00f3n el\u00e9ctrica: s\u00edntomas, aver\u00edas, soluciones \u00a0V\u00eddeo: Investigaci\u00f3n de Aver\u00edas. Ingenier\u00eda de Mantenimiento. Santiago Garc\u00eda. V\u00eddeo: Aver\u00eda salto de diferencial en vivienda. Canal: Jose Ram\u00f3n Vaello. V\u00eddeo: Aver\u00eda por falta de [&hellip;]<\/p>\n","protected":false},"author":1,"featured_media":0,"parent":71,"menu_order":0,"comment_status":"closed","ping_status":"closed","template":"","meta":{"footnotes":""},"class_list":["post-84","page","type-page","status-publish","hentry"],"_links":{"self":[{"href":"https:\/\/elpezbombilla.com\/index.php\/wp-json\/wp\/v2\/pages\/84","targetHints":{"allow":["GET"]}}],"collection":[{"href":"https:\/\/elpezbombilla.com\/index.php\/wp-json\/wp\/v2\/pages"}],"about":[{"href":"https:\/\/elpezbombilla.com\/index.php\/wp-json\/wp\/v2\/types\/page"}],"author":[{"embeddable":true,"href":"https:\/\/elpezbombilla.com\/index.php\/wp-json\/wp\/v2\/users\/1"}],"replies":[{"embeddable":true,"href":"https:\/\/elpezbombilla.com\/index.php\/wp-json\/wp\/v2\/comments?post=84"}],"version-history":[{"count":15,"href":"https:\/\/elpezbombilla.com\/index.php\/wp-json\/wp\/v2\/pages\/84\/revisions"}],"predecessor-version":[{"id":99,"href":"https:\/\/elpezbombilla.com\/index.php\/wp-json\/wp\/v2\/pages\/84\/revisions\/99"}],"up":[{"embeddable":true,"href":"https:\/\/elpezbombilla.com\/index.php\/wp-json\/wp\/v2\/pages\/71"}],"wp:attachment":[{"href":"https:\/\/elpezbombilla.com\/index.php\/wp-json\/wp\/v2\/media?parent=84"}],"curies":[{"name":"wp","href":"https:\/\/api.w.org\/{rel}","templated":true}]}}